{"id":82,"date":"2025-10-24T12:30:08","date_gmt":"2025-10-24T12:30:08","guid":{"rendered":"https:\/\/estrelasulgeladeiras.com.br\/?post_type=product&#038;p=82"},"modified":"2025-10-24T12:38:25","modified_gmt":"2025-10-24T12:38:25","slug":"geladeira-resfriar-41-l","status":"publish","type":"product","link":"https:\/\/estrelasulgeladeiras.com.br\/?product=geladeira-resfriar-41-l","title":{"rendered":"Geladeira resfriar 41 L"},"content":{"rendered":"<p>Geladeira Port\u00e1til Climatizar Quadrivolt 12v 24v 110v e 220v. Capacidade de 40 Litros, com conectividade Bluetooth e Garantia de F\u00e1brica! Refrigere a sua jornada!<\/p>\n<p>Confira outros detalhes sobre a Geladeira Port\u00e1til Climatizar 40 Litros:<\/p>\n<p>\u2022 Possui divis\u00f3ria no compartimento interno<br \/>\n\u2022 Alcan\u00e7a at\u00e9 -20\u00baC<br \/>\n\u2022 Capacidade de armazenar 54 latas de 350ml \u00a0\/ 29 garrafas de 500ml \/ 4 garrafas de 2L<br \/>\n\u2022 Sistema de invers\u00e3o da porta, possibilitando mudar o lado de abertura da sua geladeira<br \/>\n\u2022 Luz em led<br \/>\n\u2022 Al\u00e7a embutida para f\u00e1cil transporte<br \/>\n\u2022 Painel digital para controle de temperatura<br \/>\n\u2022 Conectividade Bluetooth &#8211; controle via App<br \/>\n\u2022 Porta USB para carregamento de celular<br \/>\n\u2022 Prote\u00e7\u00e3o contra descarga de bateria<br \/>\n\u2022 Quadrivolt &#8211; 12v 24v 110v 220v<br \/>\n\u2022 Possui dreno<br \/>\n\u2022 Limpeza do aparelho, basta abrir a sa\u00edda para drenagem<\/p>\n<p>Especifica\u00e7\u00f5es t\u00e9cnicas sobre a Geladeira Climatizar 30 Litros:<\/p>\n<p>\u2022 Capacidade: 40 litros<br \/>\n\u2022 Podendo armazenar 54 latas de 350ml \u00a0\/ 29 garrafas de 500ml \/ 4 garrafas de 2L<br \/>\n\u2022 Faixa de temperatura: +25\u00b0C a -20\u00b0C<br \/>\n\u2022 Medidas externas: (AxLxC): 43,8 x 36,5 x 58,7 cm<br \/>\n\u2022 Medidas internas conforme imagem ilustrativa:\u00a011,5cm x 17cm x 34cm x 32,5cm<br \/>\n\u2022 Possui divis\u00f3ria interna<br \/>\n\u2022 Tampa abre para os dois lados, com porta copos<br \/>\n\u2022 Quadrivolt &#8211; 12v 24v 110v 220v<br \/>\n\u2022 Painel digital<br \/>\n\u2022 Conectividade Bluetooth<br \/>\n\u2022 Porta USB<br \/>\n\u2022 Luz em led<br \/>\n\u2022 Possui modulo protetor de bateria<br \/>\n\u2022 Peso 12,5kg<br \/>\n\u2022 Possui dreno<br \/>\n\u2022 Consumo 12V(A\/h): 5,0A<br \/>\n\u2022 Consumo 24V(A\/h): 2,5A<\/p>\n<p>Garantia do fabricante<br \/>\n\u2022 12 meses<\/p>\n<p>Acompanha:<br \/>\n\u2022 1un. Geladeira Port\u00e1til Climatizar 40 Litros<br \/>\n\u2022 1un. Cabo de alimenta\u00e7\u00e3o 110v 220v 2,5 metros<br \/>\n\u2022 1un. Cabo de alimenta\u00e7\u00e3o 12v 24v<br \/>\n\u2022 Manual do Produto<\/p>\n<p>Marca:<br \/>\n\u2022 Climatizar<\/p>\n","protected":false},"excerpt":{"rendered":"<p>Confira outros detalhes sobre a Geladeira Port\u00e1til Climatizar 40 Litros:<\/p>\n<p>\u2022 Possui divis\u00f3ria no compartimento interno<br \/>\n\u2022 Alcan\u00e7a at\u00e9 -20\u00baC<br \/>\n\u2022 Capacidade de armazenar 54 latas de 350ml \u00a0\/ 29 garrafas de 500ml \/ 4 garrafas de 2L<br \/>\n\u2022 Sistema de invers\u00e3o da porta, possibilitando mudar o lado de abertura da sua geladeira<br \/>\n\u2022 Luz em led<br \/>\n\u2022 Al\u00e7a embutida para f\u00e1cil transporte<br \/>\n\u2022 Painel digital para controle de temperatura<br \/>\n\u2022 Conectividade Bluetooth &#8211; controle via App<br \/>\n\u2022 Porta USB para carregamento de celular<br \/>\n\u2022 Prote\u00e7\u00e3o contra descarga de bateria<br \/>\n\u2022 Quadrivolt &#8211; 12v 24v 110v 220v<br \/>\n\u2022 Possui dreno<\/p>\n","protected":false},"featured_media":83,"comment_status":"open","ping_status":"closed","template":"","meta":[],"product_brand":[],"product_cat":[20,19],"product_tag":[22,21],"class_list":{"0":"post-82","1":"product","2":"type-product","3":"status-publish","4":"has-post-thumbnail","6":"product_cat-climatizar","7":"product_cat-geladeiras-internas","8":"product_tag-climtizar","9":"product_tag-geladeiras-internas","11":"first","12":"instock","13":"sale","14":"taxable","15":"shipping-taxable","16":"purchasable","17":"product-type-simple"},"_links":{"self":[{"href":"https:\/\/estrelasulgeladeiras.com.br\/index.php?rest_route=\/wp\/v2\/product\/82","targetHints":{"allow":["GET"]}}],"collection":[{"href":"https:\/\/estrelasulgeladeiras.com.br\/index.php?rest_route=\/wp\/v2\/product"}],"about":[{"href":"https:\/\/estrelasulgeladeiras.com.br\/index.php?rest_route=\/wp\/v2\/types\/product"}],"replies":[{"embeddable":true,"href":"https:\/\/estrelasulgeladeiras.com.br\/index.php?rest_route=%2Fwp%2Fv2%2Fcomments&post=82"}],"wp:featuredmedia":[{"embeddable":true,"href":"https:\/\/estrelasulgeladeiras.com.br\/index.php?rest_route=\/wp\/v2\/media\/83"}],"wp:attachment":[{"href":"https:\/\/estrelasulgeladeiras.com.br\/index.php?rest_route=%2Fwp%2Fv2%2Fmedia&parent=82"}],"wp:term":[{"taxonomy":"product_brand","embeddable":true,"href":"https:\/\/estrelasulgeladeiras.com.br\/index.php?rest_route=%2Fwp%2Fv2%2Fproduct_brand&post=82"},{"taxonomy":"product_cat","embeddable":true,"href":"https:\/\/estrelasulgeladeiras.com.br\/index.php?rest_route=%2Fwp%2Fv2%2Fproduct_cat&post=82"},{"taxonomy":"product_tag","embeddable":true,"href":"https:\/\/estrelasulgeladeiras.com.br\/index.php?rest_route=%2Fwp%2Fv2%2Fproduct_tag&post=82"}],"curies":[{"name":"wp","href":"https:\/\/api.w.org\/{rel}","templated":true}]}}